{"id":578,"date":"2015-03-14T17:27:06","date_gmt":"2015-03-14T16:27:06","guid":{"rendered":"http:\/\/www.yachtclub-laboe.de\/root\/?page_id=578"},"modified":"2025-04-19T13:01:23","modified_gmt":"2025-04-19T11:01:23","slug":"fahrtensegeln","status":"publish","type":"page","link":"https:\/\/www.yachtclub-laboe.de\/root\/fahrtensegeln\/","title":{"rendered":"Fahrtensegeln"},"content":{"rendered":"<p>Unser <a href=\"http:\/\/www.yachtclub-laboe.de\/root\/?page_id=401\" target=\"_blank\" rel=\"noopener noreferrer\">Fahrtensegelteam<\/a> organisiert &nbsp;Fahrten wie:<\/p>\n<p>Das Ansegeln und Absegeln, den Himmelfahrtst\u00f6rn, die <a href=\"http:\/\/www.yachtclub-laboe.de\/root\/wp-content\/uploads\/2017\/05\/Pfingsttoern_2017.pdf\">Pfingstfahrt nach Grauh\u00f6ft<\/a>, und den Herbstt\u00f6rn.<\/p>\n<p>N\u00e4heres unter: <a title=\"Termine\" href=\"http:\/\/www.yachtclub-laboe.de\/root\/?page_id=299\" target=\"_blank\" rel=\"noopener noreferrer\">Termine<\/a><\/p>\n<p><strong>Verleihung der Fahrtenpreise:<\/strong><\/p>\n<p><strong>2024:<\/strong><\/p>\n<ul>\n<li>Der erste Platz geht an Malte Griem mit der KompromiX <a href=\"https:\/\/www.yachtclub-laboe.de\/root\/wp-content\/uploads\/2025\/03\/CompromixToern_2024_YCLa.pdf\">KompromixT\u00f6rn<\/a><\/li>\n<\/ul>\n<ul>\n<li>Den zweiten Platz belegt die Crew von Eisvogel, Christiane und Hans-Dieter Hoppe <a href=\"https:\/\/www.yachtclub-laboe.de\/root\/wp-content\/uploads\/2025\/03\/2024-Beitrag-Eisvogel-Fam.-Hoppe.pdf\">Eisvogel Fam. Hoppe<\/a><\/li>\n<\/ul>\n<p><strong>2023:<\/strong><\/p>\n<p>Den <strong>Fahrtenpreis<\/strong> 2023 teilen sich die Meise und der Eisvogel. Hier ihre Berichte:<\/p>\n<p><a href=\"https:\/\/www.yachtclub-laboe.de\/root\/wp-content\/uploads\/2024\/03\/Meise-Sommertour2023.pdf\">Meise-Sommertour2023<\/a><\/p>\n<p><a href=\"https:\/\/www.yachtclub-laboe.de\/root\/wp-content\/uploads\/2024\/03\/Eisvogel-Fahrtenbericht2023.pdf\">Eisvogel-Fahrtenbericht2023<\/a><\/p>\n<p>&nbsp;<\/p>\n","protected":false},"excerpt":{"rendered":"<p>Unser Fahrtensegelteam organisiert &nbsp;Fahrten wie: Das Ansegeln und Absegeln, den Himmelfahrtst\u00f6rn, die Pfingstfahrt nach Grauh\u00f6ft, und den Herbstt\u00f6rn. N\u00e4heres unter: Termine Verleihung der Fahrtenpreise: 2024: Der erste Platz geht an Malte Griem mit der KompromiX KompromixT\u00f6rn Den zweiten Platz belegt die Crew von Eisvogel, Christiane und Hans-Dieter Hoppe Eisvogel Fam. Hoppe 2023: Den Fahrtenpreis 2023&#8230;<\/p>\n","protected":false},"author":1,"featured_media":0,"parent":0,"menu_order":0,"comment_status":"closed","ping_status":"open","template":"","meta":{"_kad_blocks_custom_css":"","_kad_blocks_head_custom_js":"","_kad_blocks_body_custom_js":"","_kad_blocks_footer_custom_js":"","ngg_post_thumbnail":0,"_kad_post_transparent":"","_kad_post_title":"","_kad_post_layout":"","_kad_post_sidebar_id":"","_kad_post_content_style":"","_kad_post_vertical_padding":"","_kad_post_feature":"","_kad_post_feature_position":"","_kad_post_header":false,"_kad_post_footer":false,"_kad_post_classname":"","footnotes":""},"class_list":["post-578","page","type-page","status-publish","hentry"],"taxonomy_info":[],"featured_image_src_large":false,"author_info":{"display_name":"kaehler","author_link":"https:\/\/www.yachtclub-laboe.de\/root\/author\/kaehler\/"},"comment_info":0,"_links":{"self":[{"href":"https:\/\/www.yachtclub-laboe.de\/root\/wp-json\/wp\/v2\/pages\/578","targetHints":{"allow":["GET"]}}],"collection":[{"href":"https:\/\/www.yachtclub-laboe.de\/root\/wp-json\/wp\/v2\/pages"}],"about":[{"href":"https:\/\/www.yachtclub-laboe.de\/root\/wp-json\/wp\/v2\/types\/page"}],"author":[{"embeddable":true,"href":"https:\/\/www.yachtclub-laboe.de\/root\/wp-json\/wp\/v2\/users\/1"}],"replies":[{"embeddable":true,"href":"https:\/\/www.yachtclub-laboe.de\/root\/wp-json\/wp\/v2\/comments?post=578"}],"version-history":[{"count":7,"href":"https:\/\/www.yachtclub-laboe.de\/root\/wp-json\/wp\/v2\/pages\/578\/revisions"}],"predecessor-version":[{"id":3512,"href":"https:\/\/www.yachtclub-laboe.de\/root\/wp-json\/wp\/v2\/pages\/578\/revisions\/3512"}],"wp:attachment":[{"href":"https:\/\/www.yachtclub-laboe.de\/root\/wp-json\/wp\/v2\/media?parent=578"}],"curies":[{"name":"wp","href":"https:\/\/api.w.org\/{rel}","templated":true}]}}