{"id":176,"date":"2015-02-05T15:45:34","date_gmt":"2015-02-05T14:45:34","guid":{"rendered":"http:\/\/localhost:8888\/wordpress\/?page_id=176"},"modified":"2023-01-25T10:23:29","modified_gmt":"2023-01-25T09:23:29","slug":"clubinfo-3","status":"publish","type":"page","link":"https:\/\/www.yachtclub-laboe.de\/root\/aktuell\/clubinfo-3\/","title":{"rendered":"Clubinfo"},"content":{"rendered":"<table width=\"700\" cellspacing=\"20\" cellpadding=\"20\" border=\"0\">\n<tbody>\n<tr>\n<td>\n<div>Der Yachtclub Laboe e.V. \u2013 YCLa -, wurde am 11. Juni 1965 von einer Gruppe Segelbegeisterter im Ostseebad Laboe gegr\u00fcndet.<\/div>\n<div>Unser Stander zeigt das stilisierte Wahrzeichen von Laboe, das Marine-Ehrenmal, welches in seiner Form den Steven eines Wikingerschiffes darstellt.<\/div>\n<p>In den nunmehr \u00fcber 50&nbsp;Jahren seines Bestehens hat der Yachtclub sich stetig weiterentwickelt. Wir sind heute fast 140 Mitglieder. Viele davon wohnen in Laboe und der n\u00e4heren Umgebung. Es gibt aber auch eine Reihe Mitgliedern aus Hamburg und weiter, zwei sogar aus S\u00fcddeutschland. Die etwa&nbsp;80 Boote der Mitglieder liegen im Gemeinde -Yachthafen und in der neuen BALTIC BAY Marina von Laboe.<\/p>\n<p>Die Yachth\u00e4fen in Laboe haben eine hervorragende Lage an der S\u00fcdk\u00fcste der Kieler Au\u00dfenf\u00f6rde. Sie sind ein guter Ausgangspunkt f\u00fcr T\u00f6rns in die westliche &#8211; und s\u00fcdliche Ostsee und die Belte. Der sch\u00f6ne Ort Laboe bietet eine freundliche Urlaubsstimmung. Im Sommer gibt es sehr viele Veranstaltungen f\u00fcr die Ferieng\u00e4ste, wobei die Sportboote und Yachth\u00e4fen zur maritimen Athmosph\u00e4re wesentlich beitragen.<\/p>\n<p><strong>Ziele und Aktivit\u00e4ten:<\/strong><\/p>\n<p>Die Ziele des Yachtclub Laboe sind die F\u00f6rderung des Segelsports und der Geselligkeit der Mitglieder , die Ausbildung des Seglernachwuchses und die Pflege guter Kontakte zur Gemeinde Laboe und den Hafenbetreibern.<\/p>\n<div>So veranstalten wir Vereins- und offene Regatten , nehmen aber auch an fremden Regatten insbesondere die der Kieler F\u00f6rde Vereine teil.<\/div>\n<div>Wir f\u00fchren Clubfahrten in die H\u00e4fen der Umgebung bis \u00fcber die Grenze zu unserem Nachbarland D\u00e4nemark durch und pflegen die Geselligkeit durch gemeinsame Unternehmungen in den Zielh\u00e4fen. Diese Aktivit\u00e4ten planen wir vom YCLa aus und unternehmen sie zusammen mit unserem Nachbarsegelverein, dem Laboer Regatta Verein. Im Gegenzug leitet der LRV seht erfolgreich die gemeinsame Jugendabteilung.<\/div>\n<p>Dar\u00fcber hinaus gibt es traditionelle Veranstaltungen, wie ein Clubfest und die monatlichen Schiffertische in der segelfreien Zeit mit Informationsveranstaltungen \u00fcber alle Themen des Wassersports, interessante Fahrtenberichte und Treffen geselliger Art.<\/td>\n<\/tr>\n<\/tbody>\n<\/table>\n","protected":false},"excerpt":{"rendered":"<p>Der Yachtclub Laboe e.V. \u2013 YCLa -, wurde am 11. Juni 1965 von einer Gruppe Segelbegeisterter im Ostseebad Laboe gegr\u00fcndet. Unser Stander zeigt das stilisierte Wahrzeichen von Laboe, das Marine-Ehrenmal, welches in seiner Form den Steven eines Wikingerschiffes darstellt. In den nunmehr \u00fcber 50&nbsp;Jahren seines Bestehens hat der Yachtclub sich stetig weiterentwickelt. Wir sind heute&#8230;<\/p>\n","protected":false},"author":1,"featured_media":0,"parent":79,"menu_order":0,"comment_status":"closed","ping_status":"closed","template":"","meta":{"_kad_blocks_custom_css":"","_kad_blocks_head_custom_js":"","_kad_blocks_body_custom_js":"","_kad_blocks_footer_custom_js":"","ngg_post_thumbnail":0,"_kad_post_transparent":"","_kad_post_title":"","_kad_post_layout":"","_kad_post_sidebar_id":"","_kad_post_content_style":"","_kad_post_vertical_padding":"","_kad_post_feature":"","_kad_post_feature_position":"","_kad_post_header":false,"_kad_post_footer":false,"_kad_post_classname":"","footnotes":""},"class_list":["post-176","page","type-page","status-publish","hentry"],"taxonomy_info":[],"featured_image_src_large":false,"author_info":{"display_name":"kaehler","author_link":"https:\/\/www.yachtclub-laboe.de\/root\/author\/kaehler\/"},"comment_info":0,"_links":{"self":[{"href":"https:\/\/www.yachtclub-laboe.de\/root\/wp-json\/wp\/v2\/pages\/176","targetHints":{"allow":["GET"]}}],"collection":[{"href":"https:\/\/www.yachtclub-laboe.de\/root\/wp-json\/wp\/v2\/pages"}],"about":[{"href":"https:\/\/www.yachtclub-laboe.de\/root\/wp-json\/wp\/v2\/types\/page"}],"author":[{"embeddable":true,"href":"https:\/\/www.yachtclub-laboe.de\/root\/wp-json\/wp\/v2\/users\/1"}],"replies":[{"embeddable":true,"href":"https:\/\/www.yachtclub-laboe.de\/root\/wp-json\/wp\/v2\/comments?post=176"}],"version-history":[{"count":0,"href":"https:\/\/www.yachtclub-laboe.de\/root\/wp-json\/wp\/v2\/pages\/176\/revisions"}],"up":[{"embeddable":true,"href":"https:\/\/www.yachtclub-laboe.de\/root\/wp-json\/wp\/v2\/pages\/79"}],"wp:attachment":[{"href":"https:\/\/www.yachtclub-laboe.de\/root\/wp-json\/wp\/v2\/media?parent=176"}],"curies":[{"name":"wp","href":"https:\/\/api.w.org\/{rel}","templated":true}]}}